{"id":153,"date":"2025-10-11T14:51:56","date_gmt":"2025-10-11T13:51:56","guid":{"rendered":"http:\/\/localhost:8080\/?page_id=153"},"modified":"2025-10-23T21:38:55","modified_gmt":"2025-10-23T19:38:55","slug":"osa","status":"publish","type":"page","link":"https:\/\/claudiatim.com\/?page_id=153","title":{"rendered":"OSA"},"content":{"rendered":"\n<figure class=\"wp-block-image aligncenter size-full is-resized\"><img loading=\"lazy\" decoding=\"async\" width=\"902\" height=\"182\" src=\"http:\/\/localhost:8080\/wp-content\/uploads\/2025\/10\/image-8.png\" alt=\"\" class=\"wp-image-148\" style=\"width:342px;height:auto\" srcset=\"https:\/\/claudiatim.com\/wp-content\/uploads\/2025\/10\/image-8.png 902w, https:\/\/claudiatim.com\/wp-content\/uploads\/2025\/10\/image-8-300x61.png 300w, https:\/\/claudiatim.com\/wp-content\/uploads\/2025\/10\/image-8-768x155.png 768w\" sizes=\"auto, (max-width: 902px) 100vw, 902px\" \/><\/figure>\n\n\n\n<h2 class=\"wp-block-heading\">Vi vill veta om ni kommer!<\/h2>\n\n\n\n<p>Vi hoppas ju s\u00e5klart att s\u00e5 m\u00e5nga som m\u00f6jligt kan komma och dela v\u00e5r dag med oss men vi f\u00f6rst\u00e5r ocks\u00e5 att det kan finnas f\u00f6rhinder, d\u00e4rf\u00f6r ber vi er att OSA genom att fylla i ett formul\u00e4ret nedan s\u00e5 vi vet vilka som kommer.<\/p>\n\n\n\n<p>Vi beh\u00f6ver ert svar senast den<strong>&nbsp;25 Maj 2026<\/strong>, men svara helst s\u00e5 tidigt som m\u00f6jligt.<\/p>\n\n\n\n<p class=\"has-text-align-center\"><strong><a href=\"https:\/\/docs.google.com\/forms\/d\/e\/1FAIpQLSc__3e-KXzAiZLpS5zOyw-mlOsXWA66dDb-UaIBXQ7zpnuEmQ\/viewform?usp=header\">Klicka h\u00e4r f\u00f6r att fylla formul\u00e4ret<\/a><\/strong><\/p>\n\n\n\n<figure class=\"wp-block-image aligncenter size-full is-resized\"><img loading=\"lazy\" decoding=\"async\" width=\"902\" height=\"182\" src=\"http:\/\/localhost:8080\/wp-content\/uploads\/2025\/10\/image-8-edited-1.png\" alt=\"\" class=\"wp-image-159\" style=\"width:342px;height:auto\" srcset=\"https:\/\/claudiatim.com\/wp-content\/uploads\/2025\/10\/image-8-edited-1.png 902w, https:\/\/claudiatim.com\/wp-content\/uploads\/2025\/10\/image-8-edited-1-300x61.png 300w, https:\/\/claudiatim.com\/wp-content\/uploads\/2025\/10\/image-8-edited-1-768x155.png 768w\" sizes=\"auto, (max-width: 902px) 100vw, 902px\" \/><\/figure>\n","protected":false},"excerpt":{"rendered":"<p>Vi vill veta om ni kommer! Vi hoppas ju s\u00e5klart att s\u00e5 m\u00e5nga som m\u00f6jligt kan komma och dela v\u00e5r dag med oss men vi f\u00f6rst\u00e5r ocks\u00e5 att det kan finnas f\u00f6rhinder, d\u00e4rf\u00f6r ber vi er att OSA genom att fylla i ett formul\u00e4ret nedan s\u00e5 vi vet vilka som kommer. Vi beh\u00f6ver ert svar [&hellip;]<\/p>\n","protected":false},"author":1,"featured_media":0,"parent":0,"menu_order":0,"comment_status":"closed","ping_status":"closed","template":"","meta":{"footnotes":""},"class_list":["post-153","page","type-page","status-publish","hentry"],"_links":{"self":[{"href":"https:\/\/claudiatim.com\/index.php?rest_route=\/wp\/v2\/pages\/153","targetHints":{"allow":["GET"]}}],"collection":[{"href":"https:\/\/claudiatim.com\/index.php?rest_route=\/wp\/v2\/pages"}],"about":[{"href":"https:\/\/claudiatim.com\/index.php?rest_route=\/wp\/v2\/types\/page"}],"author":[{"embeddable":true,"href":"https:\/\/claudiatim.com\/index.php?rest_route=\/wp\/v2\/users\/1"}],"replies":[{"embeddable":true,"href":"https:\/\/claudiatim.com\/index.php?rest_route=%2Fwp%2Fv2%2Fcomments&post=153"}],"version-history":[{"count":8,"href":"https:\/\/claudiatim.com\/index.php?rest_route=\/wp\/v2\/pages\/153\/revisions"}],"predecessor-version":[{"id":206,"href":"https:\/\/claudiatim.com\/index.php?rest_route=\/wp\/v2\/pages\/153\/revisions\/206"}],"wp:attachment":[{"href":"https:\/\/claudiatim.com\/index.php?rest_route=%2Fwp%2Fv2%2Fmedia&parent=153"}],"curies":[{"name":"wp","href":"https:\/\/api.w.org\/{rel}","templated":true}]}}