{"id":59,"date":"2025-10-04T14:25:04","date_gmt":"2025-10-04T13:25:04","guid":{"rendered":"http:\/\/localhost:8080\/?page_id=59"},"modified":"2025-10-24T22:30:19","modified_gmt":"2025-10-24T20:30:19","slug":"kladkod-killar","status":"publish","type":"page","link":"https:\/\/claudiatim.com\/?page_id=59","title":{"rendered":"Kl\u00e4dkod- Kavaj"},"content":{"rendered":"\n<figure class=\"wp-block-image aligncenter size-full is-resized\"><img loading=\"lazy\" decoding=\"async\" width=\"612\" height=\"408\" src=\"http:\/\/localhost:8080\/wp-content\/uploads\/2025\/10\/image-4.png\" alt=\"\" class=\"wp-image-137\" style=\"width:378px;height:auto\" srcset=\"https:\/\/claudiatim.com\/wp-content\/uploads\/2025\/10\/image-4.png 612w, https:\/\/claudiatim.com\/wp-content\/uploads\/2025\/10\/image-4-300x200.png 300w\" sizes=\"auto, (max-width: 612px) 100vw, 612px\" \/><\/figure>\n\n\n\n<p>Vi gifter oss i Juli och bjuder d\u00e4rf\u00f6r in till en fest med temat &#8220;Sommarnatt&#8221;. Vi ser fram emot en magisk kv\u00e4ll tillsammans med er \u2013 l\u00e5t g\u00e4rna temat inspirera er till en vacker och somrig kl\u00e4dsel.<\/p>\n\n\n\n<h3 class=\"wp-block-heading\" id=\"block-49d27882-d542-4511-9570-787838d639ef\">Vad betyder kl\u00e4dkod kavaj f\u00f6r mig som tjej?<\/h3>\n\n\n\n<p id=\"block-18ffadbe-1dbd-47b7-91d6-2251cb2fe2f4\">Accessoarer \u00e4r valfritt, men man kan till exempel matcha med en s\u00f6t liten v\u00e4ska och smycken.<\/p>\n\n\n\n<p id=\"block-71c3d8c4-a12a-452f-883d-318d9b1d5242\"><em>\u201cSom kvinna kan du b\u00e4ra en kl\u00e4nning eller byxdress som \u00e4r finare \u00e4n en vanlig vardagskl\u00e4dsel utan att det beh\u00f6ver vara aftonkl\u00e4dsel.&nbsp;<\/em>\u201c<\/p>\n\n\n\n<p id=\"block-b54e22aa-2c94-406d-9ec1-df13a130f767\">F\u00f6r er tjejer funkar l\u00e5ng\/vadl\u00e5ng kl\u00e4nning eller byxdress med hell\u00e5nga ben i valfri f\u00e4rg som matchar temat. Vi hoppas att bilden kan ge lite inspiration.<\/p>\n\n\n\n<figure class=\"wp-block-image\" id=\"block-305bd265-98be-45e0-9ab8-954d6bbd1135\"><img decoding=\"async\" src=\"https:\/\/martaochalex.com\/wp-content\/uploads\/2024\/07\/namnlos-design-18.png\" alt=\"This image has an empty alt attribute; its file name is namnlos-design-18.png\"\/><\/figure>\n\n\n\n<h3 class=\"wp-block-heading\" id=\"block-b2a77f2f-6260-4ff7-9d9b-6a6a73405161\">Vi uppskattar om ni undviker<\/h3>\n\n\n\n<ul id=\"block-949bba4f-1b6e-4543-bb48-2080143a0628\" class=\"wp-block-list\">\n<li>Kortare kl\u00e4nningar som g\u00e5r ovanf\u00f6r kn\u00e4na.<\/li>\n\n\n\n<li>F\u00e4rgerna:\n<ul class=\"wp-block-list\">\n<li>Svart<\/li>\n\n\n\n<li>Vit<\/li>\n\n\n\n<li>Beige<\/li>\n\n\n\n<li>R\u00f6d<\/li>\n\n\n\n<li>OBS! Undvik g\u00e4rna m\u00f6nstrade kl\u00e4nningar med vit\/beige grund ocks\u00e5.<\/li>\n<\/ul>\n<\/li>\n\n\n\n<li>Det kommer finnas en person med uppgift att f\u00f6rst\u00f6ra alla vita\/beigea kl\u00e4nningar.<\/li>\n<\/ul>\n\n\n\n<hr class=\"wp-block-separator alignwide has-alpha-channel-opacity is-style-wide\"\/>\n\n\n\n<div style=\"height:25px\" aria-hidden=\"true\" class=\"wp-block-spacer\"><\/div>\n\n\n\n<h3 class=\"wp-block-heading\" id=\"block-8b5b128f-eaeb-40db-8c9f-bb2e0e8c6f19\">Vad betyder kl\u00e4dkod kavaj f\u00f6r mig som kille?<\/h3>\n\n\n\n<p><em>\u201cF\u00f6rr var ben\u00e4mningen kavaj detsamma som m\u00f6rk kostym, men i dag anv\u00e4nds det f\u00f6r att beskriva en mer avslappnad kl\u00e4dsel. Det ska vara en hel kostym, men den kan till exempel vara i en ljusare nyans.&nbsp;\u201c<\/em><\/p>\n\n\n\n<ul id=\"block-b5151acc-e4a8-4be8-987d-532174feb6d1\" class=\"wp-block-list\">\n<li>F\u00f6r er killar funkar vanlig kostym eller linnekostym i de traditionella f\u00e4rgerna marinbl\u00e5 eller gr\u00e5. Eller varf\u00f6r inte en kostym i sommarens ljusa f\u00e4rger som ljusbl\u00e5 eller ljusgr\u00f6n. Det finns ju dessutom m\u00e5nga andra f\u00e4rger som kan passa till temat, f\u00f6r den som \u00e4r dj\u00e4rv. Hoppas att bilden kan bidra med lite inspiration.<\/li>\n\n\n\n<li>V\u00e4st och accessoarer \u00e4r valfritt, men till exempel kan man matcha temat med n\u00e5gon fin n\u00e4sduk och slips.<\/li>\n<\/ul>\n\n\n\n<figure class=\"wp-block-image\" id=\"block-f6aecf0c-bbf8-45c8-9781-cab2f3a9fd51\"><img decoding=\"async\" src=\"https:\/\/martaochalex.com\/wp-content\/uploads\/2024\/08\/namnlos-design-41.png\" alt=\"This image has an empty alt attribute; its file name is namnlos-design-41.png\"\/><\/figure>\n\n\n\n<figure class=\"wp-block-image size-full is-resized\"><img loading=\"lazy\" decoding=\"async\" width=\"1000\" height=\"523\" src=\"http:\/\/localhost:8080\/wp-content\/uploads\/2025\/10\/image-2.png\" alt=\"\" class=\"wp-image-132\" style=\"width:639px;height:auto\" srcset=\"https:\/\/claudiatim.com\/wp-content\/uploads\/2025\/10\/image-2.png 1000w, https:\/\/claudiatim.com\/wp-content\/uploads\/2025\/10\/image-2-300x157.png 300w, https:\/\/claudiatim.com\/wp-content\/uploads\/2025\/10\/image-2-768x402.png 768w\" sizes=\"auto, (max-width: 1000px) 100vw, 1000px\" \/><\/figure>\n\n\n\n<h3 class=\"wp-block-heading\" id=\"block-e1081de7-09ec-42c0-b998-22ef9f25e811\">Vi uppskattar om ni undviker<\/h3>\n\n\n\n<ul id=\"block-a6f961ed-72fc-4d0c-8a59-6f5ae3212452\" class=\"wp-block-list\">\n<li>Jeans eller shorts<\/li>\n\n\n\n<li><strong>Vit eller beige kostym (vi l\u00e4mnar beige till brudgummen)<\/strong><\/li>\n<\/ul>\n\n\n\n<p><\/p>\n","protected":false},"excerpt":{"rendered":"<p>Vi gifter oss i Juli och bjuder d\u00e4rf\u00f6r in till en fest med temat &#8220;Sommarnatt&#8221;. Vi ser fram emot en magisk kv\u00e4ll tillsammans med er \u2013 l\u00e5t g\u00e4rna temat inspirera er till en vacker och somrig kl\u00e4dsel. Vad betyder kl\u00e4dkod kavaj f\u00f6r mig som tjej? Accessoarer \u00e4r valfritt, men man kan till exempel matcha med [&hellip;]<\/p>\n","protected":false},"author":1,"featured_media":0,"parent":0,"menu_order":0,"comment_status":"closed","ping_status":"closed","template":"","meta":{"footnotes":""},"class_list":["post-59","page","type-page","status-publish","hentry"],"_links":{"self":[{"href":"https:\/\/claudiatim.com\/index.php?rest_route=\/wp\/v2\/pages\/59","targetHints":{"allow":["GET"]}}],"collection":[{"href":"https:\/\/claudiatim.com\/index.php?rest_route=\/wp\/v2\/pages"}],"about":[{"href":"https:\/\/claudiatim.com\/index.php?rest_route=\/wp\/v2\/types\/page"}],"author":[{"embeddable":true,"href":"https:\/\/claudiatim.com\/index.php?rest_route=\/wp\/v2\/users\/1"}],"replies":[{"embeddable":true,"href":"https:\/\/claudiatim.com\/index.php?rest_route=%2Fwp%2Fv2%2Fcomments&post=59"}],"version-history":[{"count":23,"href":"https:\/\/claudiatim.com\/index.php?rest_route=\/wp\/v2\/pages\/59\/revisions"}],"predecessor-version":[{"id":216,"href":"https:\/\/claudiatim.com\/index.php?rest_route=\/wp\/v2\/pages\/59\/revisions\/216"}],"wp:attachment":[{"href":"https:\/\/claudiatim.com\/index.php?rest_route=%2Fwp%2Fv2%2Fmedia&parent=59"}],"curies":[{"name":"wp","href":"https:\/\/api.w.org\/{rel}","templated":true}]}}