{"id":83,"date":"2025-10-04T14:49:58","date_gmt":"2025-10-04T13:49:58","guid":{"rendered":"http:\/\/localhost:8080\/?page_id=83"},"modified":"2026-01-31T17:09:17","modified_gmt":"2026-01-31T16:09:17","slug":"vigsel-och-fest","status":"publish","type":"page","link":"https:\/\/claudiatim.com\/?page_id=83","title":{"rendered":"Vigsel och Fest"},"content":{"rendered":"\n<figure class=\"wp-block-image aligncenter size-full\"><img loading=\"lazy\" decoding=\"async\" width=\"500\" height=\"393\" src=\"http:\/\/localhost:8080\/wp-content\/uploads\/2025\/10\/image-7.png\" alt=\"\" class=\"wp-image-147\" srcset=\"https:\/\/claudiatim.com\/wp-content\/uploads\/2025\/10\/image-7.png 500w, https:\/\/claudiatim.com\/wp-content\/uploads\/2025\/10\/image-7-300x236.png 300w\" sizes=\"auto, (max-width: 500px) 100vw, 500px\" \/><\/figure>\n\n\n\n<p>Vigseln kommer h\u00e5llas p\u00e5 \u00d6stra Ryds Kyrka kl 15.00. Se till att vara framme i god tid!<\/p>\n\n\n\n<hr class=\"wp-block-separator has-alpha-channel-opacity\"\/>\n\n\n\n<h2 class=\"wp-block-heading\">Resealternativ<\/h2>\n\n\n\n<p>Det finns flera s\u00e4tt att ta sig till \u00d6stra Ryds kyrka. Vi rekommenderar att alla som kan hj\u00e4lps \u00e5t och sam\u00e5ker. Det \u00e4r gratis parkering vid kyrkan och vid Sk\u00e5vsj\u00f6holm.<\/p>\n\n\n\n<h5 class=\"wp-block-heading\">Hur man kan ta sig kommunalt till kyrkan<\/h5>\n\n\n\n<p>Man kan ta sig till \u00d6stra Ryds Kyrka fr\u00e5n T-centralen genom att ta r\u00f6da linjen till <strong>Danderyds sjukhus <\/strong>och d\u00e4refter ta bus <strong>670X mot Vaxholm <\/strong>och g\u00e5 av vid stationen <strong>\u00d6stra Ryds kyrka<\/strong>. Till sist \u00e4r det 700 m promenad till kyrkan. Hela resan tar ca 55 min.<\/p>\n\n\n\n<h5 class=\"wp-block-heading\">F\u00f6r er som planerar att sova \u00f6ver p\u00e5 Sk\u00e5vsj\u00f6holm<\/h5>\n\n\n\n<p><em>Vi hoppas att s\u00e5 m\u00e5nga som m\u00f6jligt har lust och m\u00f6jlighet att stanna kvar och sova \u00f6ver p\u00e5 hotellet. Det vore underbart att f\u00e5 fira med er hela natten och sedan \u00e4ta hotellfrukost tillsammans dagen efter. L\u00e4s mer om \u00f6vernattning genom att <a href=\"https:\/\/claudiatim.com\/?page_id=88\" data-type=\"page\" data-id=\"88\">klicka h\u00e4r<\/a> eller kolla under fliken &#8220;Boende&#8221;<\/em><\/p>\n\n\n\n<p>Kom med bil till Sk\u00e5vsj\u00f6holm och parkera gratis <strong>(n\u00e4r du anl\u00e4nder beh\u00f6ver du anm\u00e4la bilen i receptionen)<\/strong>. Tiden fr\u00e5n Sk\u00e5vsj\u00f6holm till kyrkan \u00e4r ca 8 min med bil.<\/p>\n\n\n\n<hr class=\"wp-block-separator has-alpha-channel-opacity\"\/>\n\n\n\n<h4 class=\"wp-block-heading\"><strong>Efter vigseln blir det mingel, middag och fest p\u00e5 Sk\u00e5vsj\u00f6holm!<\/strong><\/h4>\n\n\n\n<h4 class=\"wp-block-heading\">Agenda p\u00e5 Sk\u00e5vsj\u00f6holm:<\/h4>\n\n\n\n<ul class=\"wp-block-list\">\n<li>Brudsk\u00e5l och mingel vid vattnet. Ta g\u00e4rna bilder i v\u00e5rat photo booth eller utmana varandra i n\u00e5gra tr\u00e4dg\u00e5rdspel<\/li>\n\n\n\n<li>Trer\u00e4ttersmiddag i matsalen<\/li>\n\n\n\n<li>Dans och fest i festlokalen till kl 03.00. Photobooth och tr\u00e4dg\u00e5rdspel kommer finnas kvar f\u00f6r de som \u00e4r sugna.<\/li>\n<\/ul>\n\n\n\n<p class=\"has-text-align-center\"><strong>Meddela oss om era mat allergier n\u00e4r ni OSA:r<\/strong><\/p>\n\n\n\n<figure class=\"wp-block-image size-large is-resized\"><img loading=\"lazy\" decoding=\"async\" width=\"1024\" height=\"824\" src=\"http:\/\/localhost:8080\/wp-content\/uploads\/2025\/10\/karta-2-2-1024x824.jpg\" alt=\"\" class=\"wp-image-123\" style=\"width:594px;height:auto\" srcset=\"https:\/\/claudiatim.com\/wp-content\/uploads\/2025\/10\/karta-2-2-1024x824.jpg 1024w, https:\/\/claudiatim.com\/wp-content\/uploads\/2025\/10\/karta-2-2-300x241.jpg 300w, https:\/\/claudiatim.com\/wp-content\/uploads\/2025\/10\/karta-2-2-768x618.jpg 768w, https:\/\/claudiatim.com\/wp-content\/uploads\/2025\/10\/karta-2-2-1536x1235.jpg 1536w, https:\/\/claudiatim.com\/wp-content\/uploads\/2025\/10\/karta-2-2.jpg 1614w\" sizes=\"auto, (max-width: 1024px) 100vw, 1024px\" \/><figcaption class=\"wp-element-caption\">Karta \u00f6ver Sk\u00e5sj\u00f6holm<\/figcaption><\/figure>\n\n\n\n<figure class=\"wp-block-image aligncenter size-full is-resized\"><img loading=\"lazy\" decoding=\"async\" width=\"902\" height=\"182\" src=\"http:\/\/localhost:8080\/wp-content\/uploads\/2025\/10\/image-8.png\" alt=\"\" class=\"wp-image-148\" style=\"width:342px;height:auto\" srcset=\"https:\/\/claudiatim.com\/wp-content\/uploads\/2025\/10\/image-8.png 902w, https:\/\/claudiatim.com\/wp-content\/uploads\/2025\/10\/image-8-300x61.png 300w, https:\/\/claudiatim.com\/wp-content\/uploads\/2025\/10\/image-8-768x155.png 768w\" sizes=\"auto, (max-width: 902px) 100vw, 902px\" \/><\/figure>\n\n\n\n<p class=\"has-text-align-left\"><strong>Vill du\/ni ta tillf\u00e4llet i akt och bjuda p\u00e5 n\u00e5gra k\u00e4rleksfulla minnen, skratt eller skicka med oss n\u00e5gra visdomar in i livet som gifta? Kika hit!<\/strong><\/p>\n\n\n\n<p>Vi v\u00e4lkomnar alla som vill s\u00e4ga n\u00e5gra ord att anm\u00e4la sig genom det h\u00e4r&nbsp;formul\u00e4ret:<\/p>\n\n\n\n<p class=\"has-text-align-center\"><a href=\"https:\/\/docs.google.com\/forms\/d\/e\/1FAIpQLScWmAf4OHQn7n5iG2WQLL1rCWyYK1s7Jb8GWXuwepPOrfdqTw\/viewform?usp=publish-editor\">Klicka h\u00e4r!<\/a><\/p>\n\n\n\n<p>Schemat f\u00f6r n\u00e4r respektive tal h\u00e5lls sk\u00f6ts av v\u00e5r fantastiska toastmaster och toastmadame, Jesper Hillstr\u00f6m &amp; Agnes Zetterblad, och kommer meddelas i anslutning till br\u00f6llopsdagen.<\/p>\n\n\n\n<p><strong>Har ni fr\u00e5gor, n\u00e5r ni toastmasters h\u00e4r:<\/strong><\/p>\n\n\n\n<div class=\"wp-block-group is-nowrap is-layout-flex wp-container-core-group-is-layout-6c531013 wp-block-group-is-layout-flex\">\n<p>Jesper tel nr: +46 733 890 775\u202c <\/p>\n\n\n\n<p>Agnes tel nr: +46 738 144 760<\/p>\n<\/div>\n\n\n\n<figure class=\"wp-block-image aligncenter size-full is-resized\"><img loading=\"lazy\" decoding=\"async\" width=\"902\" height=\"182\" src=\"http:\/\/localhost:8080\/wp-content\/uploads\/2025\/10\/image-8-edited.png\" alt=\"\" class=\"wp-image-150\" style=\"width:342px;height:auto\" srcset=\"https:\/\/claudiatim.com\/wp-content\/uploads\/2025\/10\/image-8-edited.png 902w, https:\/\/claudiatim.com\/wp-content\/uploads\/2025\/10\/image-8-edited-300x61.png 300w, https:\/\/claudiatim.com\/wp-content\/uploads\/2025\/10\/image-8-edited-768x155.png 768w\" sizes=\"auto, (max-width: 902px) 100vw, 902px\" \/><\/figure>\n\n\n\n<p><\/p>\n","protected":false},"excerpt":{"rendered":"<p>Vigseln kommer h\u00e5llas p\u00e5 \u00d6stra Ryds Kyrka kl 15.00. Se till att vara framme i god tid! Resealternativ Det finns flera s\u00e4tt att ta sig till \u00d6stra Ryds kyrka. Vi rekommenderar att alla som kan hj\u00e4lps \u00e5t och sam\u00e5ker. Det \u00e4r gratis parkering vid kyrkan och vid Sk\u00e5vsj\u00f6holm. Hur man kan ta sig kommunalt till [&hellip;]<\/p>\n","protected":false},"author":1,"featured_media":0,"parent":0,"menu_order":0,"comment_status":"closed","ping_status":"closed","template":"","meta":{"footnotes":""},"class_list":["post-83","page","type-page","status-publish","hentry"],"_links":{"self":[{"href":"https:\/\/claudiatim.com\/index.php?rest_route=\/wp\/v2\/pages\/83","targetHints":{"allow":["GET"]}}],"collection":[{"href":"https:\/\/claudiatim.com\/index.php?rest_route=\/wp\/v2\/pages"}],"about":[{"href":"https:\/\/claudiatim.com\/index.php?rest_route=\/wp\/v2\/types\/page"}],"author":[{"embeddable":true,"href":"https:\/\/claudiatim.com\/index.php?rest_route=\/wp\/v2\/users\/1"}],"replies":[{"embeddable":true,"href":"https:\/\/claudiatim.com\/index.php?rest_route=%2Fwp%2Fv2%2Fcomments&post=83"}],"version-history":[{"count":23,"href":"https:\/\/claudiatim.com\/index.php?rest_route=\/wp\/v2\/pages\/83\/revisions"}],"predecessor-version":[{"id":226,"href":"https:\/\/claudiatim.com\/index.php?rest_route=\/wp\/v2\/pages\/83\/revisions\/226"}],"wp:attachment":[{"href":"https:\/\/claudiatim.com\/index.php?rest_route=%2Fwp%2Fv2%2Fmedia&parent=83"}],"curies":[{"name":"wp","href":"https:\/\/api.w.org\/{rel}","templated":true}]}}