{"id":88,"date":"2025-10-04T14:49:44","date_gmt":"2025-10-04T13:49:44","guid":{"rendered":"http:\/\/localhost:8080\/?page_id=88"},"modified":"2026-01-31T13:45:06","modified_gmt":"2026-01-31T12:45:06","slug":"boende","status":"publish","type":"page","link":"https:\/\/claudiatim.com\/?page_id=88","title":{"rendered":"Boende"},"content":{"rendered":"\n<figure class=\"wp-block-image size-large\"><img loading=\"lazy\" decoding=\"async\" width=\"1024\" height=\"682\" src=\"http:\/\/localhost:8080\/wp-content\/uploads\/2025\/10\/image-1024x682.png\" alt=\"\" class=\"wp-image-128\" srcset=\"https:\/\/claudiatim.com\/wp-content\/uploads\/2025\/10\/image-1024x682.png 1024w, https:\/\/claudiatim.com\/wp-content\/uploads\/2025\/10\/image-300x200.png 300w, https:\/\/claudiatim.com\/wp-content\/uploads\/2025\/10\/image-768x512.png 768w, https:\/\/claudiatim.com\/wp-content\/uploads\/2025\/10\/image.png 1360w\" sizes=\"auto, (max-width: 1024px) 100vw, 1024px\" \/><\/figure>\n\n\n\n<p>Eftersom v\u00e5r br\u00f6llopsfest h\u00e5lls p\u00e5 Sk\u00e5vsj\u00f6holm har ni den perfekta m\u00f6jligheten att g\u00f6ra det bekv\u00e4mt f\u00f6r er och sova \u00f6ver p\u00e5 plats. Vi hoppas att m\u00e5nga tar chansen att stanna kvar och fira med oss hela natten!<\/p>\n\n\n\n<p>Fyll i OSA formul\u00e4ret om ni \u00f6nskar att sova \u00f6ver.<\/p>\n\n\n\n<hr class=\"wp-block-separator has-alpha-channel-opacity\"\/>\n\n\n\n<h3 class=\"wp-block-heading\">S\u00e5 h\u00e4r kan dagen se ut:<\/h3>\n\n\n\n<ul class=\"wp-block-list\">\n<li>Checka in p\u00e5 ert rum fr\u00e5n klockan 14.00, ta det lugnt och g\u00f6r er i ordning i lugn och ro.<\/li>\n\n\n\n<li>D\u00e4refter \u00e4r det dags att bege sig till vigseln! <\/li>\n\n\n\n<li>Sedan \u00e4r det bara att stanna och festa med oss till sent p\u00e5 natten!<\/li>\n\n\n\n<li>Vi vill fira in v\u00e5r f\u00f6rsta morgon som man och hustru tillsammans med er! Vi hoppas att ni vill avsluta helgen med oss vid den gemensamma hotellfrukosten dagen efter.<\/li>\n<\/ul>\n\n\n\n<hr class=\"wp-block-separator has-alpha-channel-opacity\"\/>\n\n\n\n<h2 class=\"wp-block-heading\">De olika rum typerna<\/h2>\n\n\n\n<p><strong>Med alla rummen ing\u00e5r hotellfrukost.<\/strong><\/p>\n\n\n\n<p>Enkelrum 850 kr\/rum (120 cm s\u00e4ng)<\/p>\n\n\n\n<p>Minidubbel 1200 kr\/rum (140 cm s\u00e4ng)<\/p>\n\n\n\n<p>Dubbelrum Twin 1500 kr\/rum (tv\u00e5 120 cm s\u00e4ngar), kan kompletteras med en extra s\u00e4ng<\/p>\n\n\n\n<p>Dubbelrum Tallh\u00f6jden 1700 kr\/rum (180cm s\u00e4ng + fot\u00f6lj och soffa)<\/p>\n\n\n\n<h2 class=\"wp-block-heading\">Allm\u00e4n info<\/h2>\n\n\n\n<ul class=\"wp-block-list\">\n<li>Incheckning: Fr\u00e5n kl 14.00, 25 Juli.<\/li>\n\n\n\n<li>Utchecking: N\u00e4r det \u00e4r dags f\u00f6r hemf\u00e4rd p\u00e5 s\u00f6ndagen hanterar ni smidigt utcheckningen och betalningen p\u00e5 egen hand, senast kl 11.00.<\/li>\n\n\n\n<li>Hotellet har \u00f6ver 100 rum. Dock \u00e4r endast 24 st rum dubbelrum och 25 st rum minidubbel, resterande \u00e4r enkelrum. Det \u00e4r f\u00f6rst till kvarn f\u00f6r er som \u00e4r intresserade i dubbelrummen.<\/li>\n<\/ul>\n\n\n\n<figure class=\"wp-block-image size-large\"><img loading=\"lazy\" decoding=\"async\" width=\"1024\" height=\"768\" src=\"http:\/\/localhost:8080\/wp-content\/uploads\/2025\/10\/image-1-1024x768.png\" alt=\"\" class=\"wp-image-129\" srcset=\"https:\/\/claudiatim.com\/wp-content\/uploads\/2025\/10\/image-1-1024x768.png 1024w, https:\/\/claudiatim.com\/wp-content\/uploads\/2025\/10\/image-1-300x225.png 300w, https:\/\/claudiatim.com\/wp-content\/uploads\/2025\/10\/image-1-768x576.png 768w, https:\/\/claudiatim.com\/wp-content\/uploads\/2025\/10\/image-1.png 1360w\" sizes=\"auto, (max-width: 1024px) 100vw, 1024px\" \/><figcaption class=\"wp-element-caption\">Enkel rum<\/figcaption><\/figure>\n\n\n\n<figure class=\"wp-block-image size-large\"><img loading=\"lazy\" decoding=\"async\" width=\"1024\" height=\"664\" src=\"http:\/\/localhost:8080\/wp-content\/uploads\/2025\/10\/image-3-1024x664.png\" alt=\"\" class=\"wp-image-135\" srcset=\"https:\/\/claudiatim.com\/wp-content\/uploads\/2025\/10\/image-3-1024x664.png 1024w, https:\/\/claudiatim.com\/wp-content\/uploads\/2025\/10\/image-3-300x195.png 300w, https:\/\/claudiatim.com\/wp-content\/uploads\/2025\/10\/image-3-768x498.png 768w, https:\/\/claudiatim.com\/wp-content\/uploads\/2025\/10\/image-3.png 1360w\" sizes=\"auto, (max-width: 1024px) 100vw, 1024px\" \/><figcaption class=\"wp-element-caption\">Dubbelrum Twin<\/figcaption><\/figure>\n\n\n\n<figure class=\"wp-block-image size-large\"><img loading=\"lazy\" decoding=\"async\" width=\"1024\" height=\"679\" src=\"http:\/\/localhost:8080\/wp-content\/uploads\/2025\/10\/image-19-1024x679.png\" alt=\"\" class=\"wp-image-187\" srcset=\"https:\/\/claudiatim.com\/wp-content\/uploads\/2025\/10\/image-19-1024x679.png 1024w, https:\/\/claudiatim.com\/wp-content\/uploads\/2025\/10\/image-19-300x199.png 300w, https:\/\/claudiatim.com\/wp-content\/uploads\/2025\/10\/image-19-768x509.png 768w, https:\/\/claudiatim.com\/wp-content\/uploads\/2025\/10\/image-19.png 1328w\" sizes=\"auto, (max-width: 1024px) 100vw, 1024px\" \/><figcaption class=\"wp-element-caption\">Dubbelrum Tallh\u00f6jden<\/figcaption><\/figure>\n","protected":false},"excerpt":{"rendered":"<p>Eftersom v\u00e5r br\u00f6llopsfest h\u00e5lls p\u00e5 Sk\u00e5vsj\u00f6holm har ni den perfekta m\u00f6jligheten att g\u00f6ra det bekv\u00e4mt f\u00f6r er och sova \u00f6ver p\u00e5 plats. Vi hoppas att m\u00e5nga tar chansen att stanna kvar och fira med oss hela natten! Fyll i OSA formul\u00e4ret om ni \u00f6nskar att sova \u00f6ver. S\u00e5 h\u00e4r kan dagen se ut: De olika [&hellip;]<\/p>\n","protected":false},"author":1,"featured_media":0,"parent":0,"menu_order":0,"comment_status":"closed","ping_status":"closed","template":"","meta":{"footnotes":""},"class_list":["post-88","page","type-page","status-publish","hentry"],"_links":{"self":[{"href":"https:\/\/claudiatim.com\/index.php?rest_route=\/wp\/v2\/pages\/88","targetHints":{"allow":["GET"]}}],"collection":[{"href":"https:\/\/claudiatim.com\/index.php?rest_route=\/wp\/v2\/pages"}],"about":[{"href":"https:\/\/claudiatim.com\/index.php?rest_route=\/wp\/v2\/types\/page"}],"author":[{"embeddable":true,"href":"https:\/\/claudiatim.com\/index.php?rest_route=\/wp\/v2\/users\/1"}],"replies":[{"embeddable":true,"href":"https:\/\/claudiatim.com\/index.php?rest_route=%2Fwp%2Fv2%2Fcomments&post=88"}],"version-history":[{"count":10,"href":"https:\/\/claudiatim.com\/index.php?rest_route=\/wp\/v2\/pages\/88\/revisions"}],"predecessor-version":[{"id":224,"href":"https:\/\/claudiatim.com\/index.php?rest_route=\/wp\/v2\/pages\/88\/revisions\/224"}],"wp:attachment":[{"href":"https:\/\/claudiatim.com\/index.php?rest_route=%2Fwp%2Fv2%2Fmedia&parent=88"}],"curies":[{"name":"wp","href":"https:\/\/api.w.org\/{rel}","templated":true}]}}